{"id":27,"date":"2019-01-04T18:26:31","date_gmt":"2019-01-04T18:26:31","guid":{"rendered":"http:\/\/nse.org.rs\/?page_id=27"},"modified":"2024-09-29T11:30:00","modified_gmt":"2024-09-29T11:30:00","slug":"o-nama","status":"publish","type":"page","link":"https:\/\/nse.org.rs\/","title":{"rendered":""},"content":{"rendered":"<div id=\"pl-27\"  class=\"panel-layout\" ><div id=\"pg-27-0\"  class=\"panel-grid panel-has-style\" ><div class=\"siteorigin-panels-stretch panel-row-style panel-row-style-for-27-0\" data-stretch-type=\"full-width-stretch\" ><div id=\"pgc-27-0-0\"  class=\"panel-grid-cell\" ><div id=\"panel-27-0-0-0\" class=\"so-panel widget widget_metaslider_widget panel-first-child panel-last-child\" data-index=\"0\" ><div class=\"panel-widget-style panel-widget-style-for-27-0-0-0\" ><div id=\"metaslider-id-67\" style=\"width: 100%; margin: 0 auto;\" class=\"ml-slider-3-108-0 metaslider metaslider-nivo metaslider-67 ml-slider has-dots-nav ms-theme-cubic\" role=\"region\" aria-label=\"New Slideshow\" data-height=\"520\" data-width=\"1000\">\n    <div id=\"metaslider_container_67\">\n        <div class='slider-wrapper theme-default'><div class='ribbon'><\/div><div id='metaslider_67' class='nivoSlider'><img loading=\"lazy\" decoding=\"async\" src=\"https:\/\/media.nse.org.rs\/2024\/09\/IMG-20240923-WA0002-960x499.jpg\" height=\"520\" width=\"1000\" title=\"Sajt\" alt=\"Sajt\" class=\"slider-67 slide-69 msDefaultImage\" \/><img loading=\"lazy\" decoding=\"async\" src=\"https:\/\/media.nse.org.rs\/2019\/01\/8-500x260.png\" height=\"520\" width=\"1000\" title=\"8\" alt=\"\" class=\"slider-67 slide-73 msDefaultImage\" \/><\/div><\/div>\n        \n    <\/div>\n<\/div><\/div><\/div><\/div><\/div><\/div><div id=\"pg-27-1\"  class=\"panel-grid panel-has-style\" ><div class=\"siteorigin-panels-stretch panel-row-style panel-row-style-for-27-1\" data-stretch-type=\"full-width-stretch\" ><div id=\"pgc-27-1-0\"  class=\"panel-grid-cell\" ><div id=\"panel-27-1-0-0\" class=\"so-panel widget widget_media_image panel-first-child panel-last-child\" data-index=\"1\" ><img loading=\"lazy\" decoding=\"async\" width=\"300\" height=\"300\" src=\"https:\/\/media.nse.org.rs\/2019\/01\/cropped-8-1-300x300.png\" class=\"image wp-image-154  attachment-medium size-medium\" alt=\"\" style=\"max-width: 100%; height: auto;\" srcset=\"http:\/\/media.nse.org.rs\/2019\/01\/cropped-8-1-300x300.png 300w, http:\/\/media.nse.org.rs\/2019\/01\/cropped-8-1-150x150.png 150w, http:\/\/media.nse.org.rs\/2019\/01\/cropped-8-1.png 500w\" sizes=\"auto, (max-width: 300px) 100vw, 300px\" \/><\/div><\/div><div id=\"pgc-27-1-1\"  class=\"panel-grid-cell\" ><div id=\"panel-27-1-1-0\" class=\"so-panel widget widget_media_image panel-first-child panel-last-child\" data-index=\"2\" ><img loading=\"lazy\" decoding=\"async\" width=\"300\" height=\"300\" src=\"https:\/\/media.nse.org.rs\/2019\/01\/cropped-7-300x300.png\" class=\"image wp-image-135  attachment-medium size-medium\" alt=\"\" style=\"max-width: 100%; height: auto;\" srcset=\"http:\/\/media.nse.org.rs\/2019\/01\/cropped-7-300x300.png 300w, http:\/\/media.nse.org.rs\/2019\/01\/cropped-7-150x150.png 150w, http:\/\/media.nse.org.rs\/2019\/01\/cropped-7.png 500w\" sizes=\"auto, (max-width: 300px) 100vw, 300px\" \/><\/div><\/div><div id=\"pgc-27-1-2\"  class=\"panel-grid-cell\" ><div id=\"panel-27-1-2-0\" class=\"so-panel widget widget_media_image panel-first-child panel-last-child\" data-index=\"3\" ><img loading=\"lazy\" decoding=\"async\" width=\"300\" height=\"300\" src=\"https:\/\/media.nse.org.rs\/2019\/01\/6-300x300.png\" class=\"image wp-image-116  attachment-medium size-medium\" alt=\"\" style=\"max-width: 100%; height: auto;\" srcset=\"http:\/\/media.nse.org.rs\/2019\/01\/6-300x300.png 300w, http:\/\/media.nse.org.rs\/2019\/01\/6-150x150.png 150w, http:\/\/media.nse.org.rs\/2019\/01\/6.png 500w\" sizes=\"auto, (max-width: 300px) 100vw, 300px\" \/><\/div><\/div><\/div><\/div><div id=\"pg-27-2\"  class=\"panel-grid panel-has-style\" ><div class=\"siteorigin-panels-stretch panel-row-style panel-row-style-for-27-2\" data-stretch-type=\"full-width-stretch\" ><div id=\"pgc-27-2-0\"  class=\"panel-grid-cell\" ><div id=\"panel-27-2-0-0\" class=\"so-panel widget widget_sow-editor panel-first-child panel-last-child\" data-index=\"4\" ><div\n\t\t\t\n\t\t\tclass=\"so-widget-sow-editor so-widget-sow-editor-base\"\n\t\t\t\n\t\t>\n<div class=\"siteorigin-widget-tinymce textwidget\">\n\t<p><img loading=\"lazy\" decoding=\"async\" class=\"alignnone size-medium wp-image-136 aligncenter\" src=\"http:\/\/media.nse.org.rs\/2019\/01\/cropped-8-300x300.png\" alt=\"\" width=\"300\" height=\"300\" srcset=\"http:\/\/media.nse.org.rs\/2019\/01\/cropped-8-300x300.png 300w, http:\/\/media.nse.org.rs\/2019\/01\/cropped-8-150x150.png 150w, http:\/\/media.nse.org.rs\/2019\/01\/cropped-8.png 500w\" sizes=\"auto, (max-width: 300px) 100vw, 300px\" \/><\/p>\n<p class=\"wyq110---naslov-clana\" style=\"text-align: center;\">Razvijanje duha tolerancije<\/p>\n<p class=\"normal\" style=\"text-align: center;\">U oblasti obrazovanja, kulture i informisanja Srbija podsti\u010de duh tolerancije i me\u0111ukulturnog dijaloga i preduzima efikasne mere za unapre\u0111enje uzajamnog po\u0161tovanja, razumevanja i saradnje me\u0111u svim ljudima koji \u017eive na njenoj teritoriji, bez obzira na njihov etni\u010dki, kulturni, jezi\u010dki ili verski identitet. Pripadnici nacionalnih manjina mogu da osnivaju prosvetna i kulturna udru\u017eenja, koja dobrovoljno finansiraju.Republika Srbija priznaje prosvetnim i kulturnim udru\u017eenjima nacionalnih manjina posebnu ulogu u ostvarivanju prava pripadnika nacionalnih manjina.Pripadnici nacionalnih manjina imaju pravo na nesmetane veze i saradnju sa sunarodnicima izvan teritorije Republike Srbije.<\/p>\n<p class=\"normal\" style=\"text-align: center;\">\n<\/div>\n<\/div><\/div><\/div><div id=\"pgc-27-2-1\"  class=\"panel-grid-cell\" ><div id=\"panel-27-2-1-0\" class=\"so-panel widget widget_sow-editor panel-first-child panel-last-child\" data-index=\"5\" ><div\n\t\t\t\n\t\t\tclass=\"so-widget-sow-editor so-widget-sow-editor-base\"\n\t\t\t\n\t\t>\n<div class=\"siteorigin-widget-tinymce textwidget\">\n\t<p><img loading=\"lazy\" decoding=\"async\" class=\"alignnone size-medium wp-image-115 aligncenter\" src=\"http:\/\/media.nse.org.rs\/2019\/01\/7-300x300.png\" alt=\"\" width=\"300\" height=\"300\" srcset=\"http:\/\/media.nse.org.rs\/2019\/01\/7-300x300.png 300w, http:\/\/media.nse.org.rs\/2019\/01\/7-150x150.png 150w, http:\/\/media.nse.org.rs\/2019\/01\/7.png 500w\" sizes=\"auto, (max-width: 300px) 100vw, 300px\" \/><\/p>\n<p class=\"wyq110---naslov-clana\" style=\"text-align: center;\">Pravo na o\u010duvanje posebnosti<a id=\"clan_79\" name=\"clan_79\"><\/a><\/p>\n<p class=\"normal\" style=\"text-align: center;\">Pripadnici nacionalnih manjina imaju pravo: na izra\u017eavanje, \u010duvanje, negovanje, razvijanje i javno izra\u017eavanje nacionalne, etni\u010dke, kulturne i verske posebnosti; na upotrebu svojih simbola na javnim mestima; na kori\u0161\u0107enje svog jezika i pisma; da u sredinama gde \u010dine zna\u010dajnu populaciju, dr\u017eavni organi, organizacije kojima su poverena javna ovla\u0161\u0107enja, organi autonomnih pokrajina i jedinica lokalne samouprave vode postupak i na njihovom jeziku; na \u0161kolovanje na svom jeziku u dr\u017eavnim ustanovama i ustanovama autonomnih pokrajina; na osnivanje privatnih obrazovnih ustanova; da na svome jeziku koriste svoje ime i prezime; da u sredinama gde \u010dine zna\u010dajnu populaciju, tradicionalni lokalni nazivi, imena ulica, naselja i topografske oznake budu ispisane i na njihovom jeziku; na potpuno, blagovremeno i nepristrasno obave\u0161tavanje na svom jeziku, uklju\u010duju\u0107i i pravo na izra\u017eavanje, primanje, slanje i razmenu obave\u0161tenja i ideja; na osnivanje sopstvenih sredstava javnog obave\u0161tavanja, u skladu sa zakonom.<\/p>\n<p class=\"normal\" style=\"text-align: center;\">U skladu sa Ustavom, na osnovu zakona, pokrajinskim propisima mogu se ustanoviti dodatna prava pripadnika nacionalnih manjina.<\/p>\n<\/div>\n<\/div><\/div><\/div><div id=\"pgc-27-2-2\"  class=\"panel-grid-cell\" ><div id=\"panel-27-2-2-0\" class=\"so-panel widget widget_sow-editor panel-first-child panel-last-child\" data-index=\"6\" ><div\n\t\t\t\n\t\t\tclass=\"so-widget-sow-editor so-widget-sow-editor-base\"\n\t\t\t\n\t\t>\n<div class=\"siteorigin-widget-tinymce textwidget\">\n\t<p><img loading=\"lazy\" decoding=\"async\" class=\"alignnone size-medium wp-image-116 aligncenter\" src=\"http:\/\/media.nse.org.rs\/2019\/01\/6-300x300.png\" alt=\"\" width=\"300\" height=\"300\" srcset=\"http:\/\/media.nse.org.rs\/2019\/01\/6-300x300.png 300w, http:\/\/media.nse.org.rs\/2019\/01\/6-150x150.png 150w, http:\/\/media.nse.org.rs\/2019\/01\/6.png 500w\" sizes=\"auto, (max-width: 300px) 100vw, 300px\" \/><\/p>\n<p style=\"text-align: center;\">Nacionalne manjine i njihova prava<\/p>\n<p class=\"normal\" style=\"text-align: center;\">Pripadnicima nacionalnih manjina, pored prava koja su Ustavom zajem\u010dena svim gra\u0111anima, jem\u010de se dodatna, individualna ili kolektivna prava. Individualna prava ostvaruju se pojedina\u010dno, a kolektivna u zajednici sa drugima, u skladu sa Ustavom, zakonom i me\u0111unarodnim ugovorima.<\/p>\n<p class=\"normal\">Putem kolektivnih prava pripadnici nacionalnih manjina, neposredno ili preko svojih predstavnika, u\u010destvuju u odlu\u010divanju ili sami odlu\u010duju o pojedinim pitanjima vezanim za svoju kulturu, obrazovanje, obave\u0161tavanje i slu\u017ebenu upotrebu jezika i pisma, u skladu sa zakonom.<\/p>\n<p class=\"normal\">Radi ostvarenja prava na samoupravu u kulturi, obrazovanju, obave\u0161tavanju i slu\u017ebenoj upotrebi jezika i pisma, pripadnici nacionalnih manjina mogu izabrati svoje nacionalne savete, u skladu sa zakonom.<\/p>\n<\/div>\n<\/div><\/div><\/div><\/div><\/div><\/div>","protected":false},"excerpt":{"rendered":"<p>Razvijanje duha tolerancije U oblasti obrazovanja, kulture i informisanja Srbija podsti\u010de duh tolerancije i me\u0111ukulturnog dijaloga i preduzima efikasne mere za unapre\u0111enje uzajamnog po\u0161tovanja, razumevanja i saradnje me\u0111u svim ljudima koji \u017eive na njenoj teritoriji, bez obzira na njihov etni\u010dki, kulturni, jezi\u010dki ili verski identitet. Pripadnici nacionalnih manjina mogu da osnivaju prosvetna i kulturna udru\u017eenja,&#8230;<\/p>\n","protected":false},"author":1,"featured_media":0,"parent":0,"menu_order":0,"comment_status":"closed","ping_status":"closed","template":"","meta":{"footnotes":""},"class_list":["post-27","page","type-page","status-publish","hentry"],"_links":{"self":[{"href":"https:\/\/nse.org.rs\/index.php?rest_route=\/wp\/v2\/pages\/27","targetHints":{"allow":["GET"]}}],"collection":[{"href":"https:\/\/nse.org.rs\/index.php?rest_route=\/wp\/v2\/pages"}],"about":[{"href":"https:\/\/nse.org.rs\/index.php?rest_route=\/wp\/v2\/types\/page"}],"author":[{"embeddable":true,"href":"https:\/\/nse.org.rs\/index.php?rest_route=\/wp\/v2\/users\/1"}],"replies":[{"embeddable":true,"href":"https:\/\/nse.org.rs\/index.php?rest_route=%2Fwp%2Fv2%2Fcomments&post=27"}],"version-history":[{"count":48,"href":"https:\/\/nse.org.rs\/index.php?rest_route=\/wp\/v2\/pages\/27\/revisions"}],"predecessor-version":[{"id":296,"href":"https:\/\/nse.org.rs\/index.php?rest_route=\/wp\/v2\/pages\/27\/revisions\/296"}],"wp:attachment":[{"href":"https:\/\/nse.org.rs\/index.php?rest_route=%2Fwp%2Fv2%2Fmedia&parent=27"}],"curies":[{"name":"wp","href":"https:\/\/api.w.org\/{rel}","templated":true}]}}