{"id":99,"date":"2019-01-04T19:42:47","date_gmt":"2019-01-04T19:42:47","guid":{"rendered":"http:\/\/nse.org.rs\/?page_id=99"},"modified":"2021-11-22T15:03:27","modified_gmt":"2021-11-22T15:03:27","slug":"vesti","status":"publish","type":"page","link":"http:\/\/nse.org.rs\/?page_id=99","title":{"rendered":"Vesti"},"content":{"rendered":"<div id=\"pl-99\"  class=\"panel-layout\" ><div id=\"pg-99-0\"  class=\"panel-grid panel-no-style\" ><div id=\"pgc-99-0-0\"  class=\"panel-grid-cell\" ><div id=\"panel-99-0-0-0\" class=\"so-panel widget widget_sow-editor panel-first-child panel-last-child\" data-index=\"0\" ><div\n\t\t\t\n\t\t\tclass=\"so-widget-sow-editor so-widget-sow-editor-base\"\n\t\t\t\n\t\t><h3 class=\"widget-title\">\u0160KOLA RA\u010cUNARA U ORGANIZACIJI NACIONALNOG SAVETA EGIP\u0106ANA<\/h3>\n<div class=\"siteorigin-widget-tinymce textwidget\">\n\t<p>Nacionalni savet egipatske nacionalne manjine u kontinutitetu sprovodi obuku priadnika egipatske nac. zajednice za rad na ra\u010dunaru, imaju\u0107i u vidu dru\u0161tvene i tehnolo\u0161ke tokove savremenog dru\u0161tva. Obuka se sprovodi svake nedelje u Zemun Polju i na istu se mogu prijaviti svi koji \u017eele da nau\u010de osnove Word-a, Excela i dr. programa, kao i sam na\u010din pristupa internetu i tra\u017eenju podataka za svoju potrebu.<\/p>\n<p>&nbsp;<\/p>\n<p>Prijave se mogu poslati na mejl office@nse.org.rs ili na broj\u00a0 060\/01026608.<\/p>\n<p><img loading=\"lazy\" decoding=\"async\" class=\"alignnone size-medium wp-image-278\" src=\"http:\/\/media.nse.org.rs\/2021\/11\/IMG-d6b447e308c1b4330494196e3eb09aeb-V-300x135.jpg\" alt=\"\" width=\"300\" height=\"135\" srcset=\"http:\/\/media.nse.org.rs\/2021\/11\/IMG-d6b447e308c1b4330494196e3eb09aeb-V-300x135.jpg 300w, http:\/\/media.nse.org.rs\/2021\/11\/IMG-d6b447e308c1b4330494196e3eb09aeb-V-1024x461.jpg 1024w, http:\/\/media.nse.org.rs\/2021\/11\/IMG-d6b447e308c1b4330494196e3eb09aeb-V-768x346.jpg 768w, http:\/\/media.nse.org.rs\/2021\/11\/IMG-d6b447e308c1b4330494196e3eb09aeb-V-1536x691.jpg 1536w, http:\/\/media.nse.org.rs\/2021\/11\/IMG-d6b447e308c1b4330494196e3eb09aeb-V-850x383.jpg 850w, http:\/\/media.nse.org.rs\/2021\/11\/IMG-d6b447e308c1b4330494196e3eb09aeb-V.jpg 1600w\" sizes=\"auto, (max-width: 300px) 100vw, 300px\" \/><img loading=\"lazy\" decoding=\"async\" class=\"alignnone size-medium wp-image-278\" src=\"http:\/\/media.nse.org.rs\/2021\/11\/IMG-d6b447e308c1b4330494196e3eb09aeb-V-300x135.jpg\" alt=\"\" width=\"300\" height=\"135\" srcset=\"http:\/\/media.nse.org.rs\/2021\/11\/IMG-d6b447e308c1b4330494196e3eb09aeb-V-300x135.jpg 300w, http:\/\/media.nse.org.rs\/2021\/11\/IMG-d6b447e308c1b4330494196e3eb09aeb-V-1024x461.jpg 1024w, http:\/\/media.nse.org.rs\/2021\/11\/IMG-d6b447e308c1b4330494196e3eb09aeb-V-768x346.jpg 768w, http:\/\/media.nse.org.rs\/2021\/11\/IMG-d6b447e308c1b4330494196e3eb09aeb-V-1536x691.jpg 1536w, http:\/\/media.nse.org.rs\/2021\/11\/IMG-d6b447e308c1b4330494196e3eb09aeb-V-850x383.jpg 850w, http:\/\/media.nse.org.rs\/2021\/11\/IMG-d6b447e308c1b4330494196e3eb09aeb-V.jpg 1600w\" sizes=\"auto, (max-width: 300px) 100vw, 300px\" \/><\/p>\n<\/div>\n<\/div><\/div><\/div><\/div><div id=\"pg-99-1\"  class=\"panel-grid panel-no-style\" ><div id=\"pgc-99-1-0\"  class=\"panel-grid-cell\" ><div id=\"panel-99-1-0-0\" class=\"so-panel widget widget_sow-headline panel-first-child panel-last-child\" data-index=\"1\" ><div\n\t\t\t\n\t\t\tclass=\"so-widget-sow-headline so-widget-sow-headline-default-eb58c90b4a68-99\"\n\t\t\t\n\t\t><div class=\"sow-headline-container \">\n\t\t\t\t\t\t\t<h2 class=\"sow-headline\">\n\t\t\t\t\t\t\t\t\t\t\t\t\t<a href=\"http:\/\/nse.org.rs\/?p=289\" >\n\t\t\t\t\t\t\t\t\u0160KOLA RA\u010cUNARA<\/a>\t\t\t\t\t\t<\/h2>\n\t\t\t\t\t\t\t\t\t\t\t<div class=\"decoration\">\n\t\t\t\t\t\t<div class=\"decoration-inside\"><\/div>\n\t\t\t\t\t<\/div>\n\t\t\t\t\t<\/div>\n<\/div><\/div><\/div><\/div><\/div>","protected":false},"excerpt":{"rendered":"<p>Nacionalni savet egipatske nacionalne manjine u kontinutitetu sprovodi obuku priadnika egipatske nac. zajednice za rad na ra\u010dunaru, imaju\u0107i u vidu dru\u0161tvene i tehnolo\u0161ke tokove savremenog dru\u0161tva. Obuka se sprovodi svake nedelje u Zemun Polju i na istu se mogu prijaviti svi koji \u017eele da nau\u010de osnove Word-a, Excela i dr. programa, kao i sam na\u010din&#8230;<\/p>\n","protected":false},"author":1,"featured_media":277,"parent":0,"menu_order":0,"comment_status":"closed","ping_status":"closed","template":"","meta":{"footnotes":""},"class_list":["post-99","page","type-page","status-publish","has-post-thumbnail","hentry"],"_links":{"self":[{"href":"http:\/\/nse.org.rs\/index.php?rest_route=\/wp\/v2\/pages\/99","targetHints":{"allow":["GET"]}}],"collection":[{"href":"http:\/\/nse.org.rs\/index.php?rest_route=\/wp\/v2\/pages"}],"about":[{"href":"http:\/\/nse.org.rs\/index.php?rest_route=\/wp\/v2\/types\/page"}],"author":[{"embeddable":true,"href":"http:\/\/nse.org.rs\/index.php?rest_route=\/wp\/v2\/users\/1"}],"replies":[{"embeddable":true,"href":"http:\/\/nse.org.rs\/index.php?rest_route=%2Fwp%2Fv2%2Fcomments&post=99"}],"version-history":[{"count":11,"href":"http:\/\/nse.org.rs\/index.php?rest_route=\/wp\/v2\/pages\/99\/revisions"}],"predecessor-version":[{"id":287,"href":"http:\/\/nse.org.rs\/index.php?rest_route=\/wp\/v2\/pages\/99\/revisions\/287"}],"wp:featuredmedia":[{"embeddable":true,"href":"http:\/\/nse.org.rs\/index.php?rest_route=\/wp\/v2\/media\/277"}],"wp:attachment":[{"href":"http:\/\/nse.org.rs\/index.php?rest_route=%2Fwp%2Fv2%2Fmedia&parent=99"}],"curies":[{"name":"wp","href":"https:\/\/api.w.org\/{rel}","templated":true}]}}